{"id":284,"date":"2026-04-28T07:38:36","date_gmt":"2026-04-28T07:38:36","guid":{"rendered":"https:\/\/insektprotekt.de\/?page_id=284"},"modified":"2026-04-29T06:41:26","modified_gmt":"2026-04-29T06:41:26","slug":"insektenschutzplissee-fuer-tueren-40mm","status":"publish","type":"page","link":"https:\/\/insektprotekt.de\/?page_id=284","title":{"rendered":"Plissee f\u00fcr T\u00fcren\u00a0Maxi 40"},"content":{"rendered":"\n<p>Einbautiefe 40mm &#8211; Kettenglieder gef\u00fchrt &#8211; \u00e4lteste Bauart <\/p>\n\n\n\n<p>Die Insektenschutzt\u00fcr aus hochwertigem Plisseegewebe ist ein echter Allrounder. Die Vielseitigkeit der Insektenschutz Plisseet\u00fcre und die einfache Anwendung dieses Insektenschutzes machen dieses Gewebe zu einem beliebten Produkt. Das Insektenschutzplissee f\u00fcr T\u00fcren eignet sich besonders f\u00fcr gro\u00dfe Durchg\u00e4nge wie z. B. Schiebeanlagen oder Winterg\u00e4rten. Ebenso ein perfekter Insektenschutz f\u00fcr Balkont\u00fcren, an denen nicht der Platz f\u00fcr den Schwenkbereich einer Insektenschutz-Dreht\u00fcr vorhanden ist. Bestellen Sie Ihr Insektenschutzgitter nach Ma\u00df in vielen verschiedenen Farben. R\u00fcsten Sie Ihre T\u00fcren mit Insektenschutzgitter (hochwertiges Plisseegewebe) nach und halten gerade im Sommer die l\u00e4stigen Besucher drau\u00dfen. Haben Sie Fragen zum Einsatz oder zu Varianten des Insektenschutzplissee? Rufen Sie uns an oder schreiben eine E-Mail. Wir sind die Insektenschutz Spezialisten und beraten Sie individuell.<\/p>\n\n\n\n<figure class=\"wp-block-image size-large\"><img loading=\"lazy\" decoding=\"async\" width=\"1024\" height=\"846\" src=\"https:\/\/insektprotekt.de\/wp-content\/uploads\/2026\/04\/Bildschirmfoto-2026-04-28-um-09.38.11-1024x846.png\" alt=\"\" class=\"wp-image-285\" srcset=\"https:\/\/insektprotekt.de\/wp-content\/uploads\/2026\/04\/Bildschirmfoto-2026-04-28-um-09.38.11-1024x846.png 1024w, https:\/\/insektprotekt.de\/wp-content\/uploads\/2026\/04\/Bildschirmfoto-2026-04-28-um-09.38.11-300x248.png 300w, https:\/\/insektprotekt.de\/wp-content\/uploads\/2026\/04\/Bildschirmfoto-2026-04-28-um-09.38.11-768x635.png 768w, https:\/\/insektprotekt.de\/wp-content\/uploads\/2026\/04\/Bildschirmfoto-2026-04-28-um-09.38.11-1536x1269.png 1536w, https:\/\/insektprotekt.de\/wp-content\/uploads\/2026\/04\/Bildschirmfoto-2026-04-28-um-09.38.11.png 1842w\" sizes=\"auto, (max-width: 1024px) 100vw, 1024px\" \/><\/figure>\n","protected":false},"excerpt":{"rendered":"<p>Einbautiefe 40mm &#8211; Kettenglieder gef\u00fchrt &#8211; \u00e4lteste Bauart Die Insektenschutzt\u00fcr aus hochwertigem Plisseegewebe ist ein echter Allrounder. Die Vielseitigkeit der Insektenschutz Plisseet\u00fcre und die einfache Anwendung dieses Insektenschutzes machen dieses Gewebe zu einem beliebten Produkt. Das Insektenschutzplissee f\u00fcr T\u00fcren eignet &hellip; <a href=\"https:\/\/insektprotekt.de\/?page_id=284\">Weiterlesen <span class=\"meta-nav\">&rarr;<\/span><\/a><\/p>\n","protected":false},"author":2,"featured_media":0,"parent":0,"menu_order":0,"comment_status":"closed","ping_status":"closed","template":"","meta":{"footnotes":""},"class_list":["post-284","page","type-page","status-publish","hentry"],"_links":{"self":[{"href":"https:\/\/insektprotekt.de\/index.php?rest_route=\/wp\/v2\/pages\/284","targetHints":{"allow":["GET"]}}],"collection":[{"href":"https:\/\/insektprotekt.de\/index.php?rest_route=\/wp\/v2\/pages"}],"about":[{"href":"https:\/\/insektprotekt.de\/index.php?rest_route=\/wp\/v2\/types\/page"}],"author":[{"embeddable":true,"href":"https:\/\/insektprotekt.de\/index.php?rest_route=\/wp\/v2\/users\/2"}],"replies":[{"embeddable":true,"href":"https:\/\/insektprotekt.de\/index.php?rest_route=%2Fwp%2Fv2%2Fcomments&post=284"}],"version-history":[{"count":5,"href":"https:\/\/insektprotekt.de\/index.php?rest_route=\/wp\/v2\/pages\/284\/revisions"}],"predecessor-version":[{"id":304,"href":"https:\/\/insektprotekt.de\/index.php?rest_route=\/wp\/v2\/pages\/284\/revisions\/304"}],"wp:attachment":[{"href":"https:\/\/insektprotekt.de\/index.php?rest_route=%2Fwp%2Fv2%2Fmedia&parent=284"}],"curies":[{"name":"wp","href":"https:\/\/api.w.org\/{rel}","templated":true}]}}