{"id":143,"date":"2024-10-02T06:47:00","date_gmt":"2024-10-02T06:47:00","guid":{"rendered":"https:\/\/insektprotekt.de\/?page_id=143"},"modified":"2026-02-12T10:05:26","modified_gmt":"2026-02-12T10:05:26","slug":"ueber-mich","status":"publish","type":"page","link":"https:\/\/insektprotekt.de\/","title":{"rendered":"\u00dcber mich&#8230;."},"content":{"rendered":"\n<p><\/p>\n\n\n\n<p class=\"has-text-align-left has-medium-font-size\" style=\"font-style:normal;font-weight:500\"><\/p>\n\n\n\n<div class=\"wp-block-media-text is-stacked-on-mobile\"><figure class=\"wp-block-media-text__media\"><img loading=\"lazy\" decoding=\"async\" width=\"300\" height=\"263\" src=\"https:\/\/insektprotekt.de\/wp-content\/uploads\/2024\/10\/2024-241009-14.jpg\" alt=\"\" class=\"wp-image-161 size-full\"\/><\/figure><div class=\"wp-block-media-text__content\">\n<p>Ich bin 56 Jahre alt und verf\u00fcge \u00fcber mehr als 30 Jahre Berufserfahrung im Tischlerhandwerk, mit einem besonderen Fokus auf die Herstellung und Montage von Insektenschutzanlagen. <\/p>\n\n\n\n<p>Mein Motto lautet:<\/p>\n\n\n\n<p class=\"has-text-align-center\"><strong>&#8222;Geht nicht, gibt&#8217;s nicht.&#8220;<\/strong><\/p>\n<\/div><\/div>\n\n\n\n<p class=\"has-medium-font-size\"><strong>Was mir wichtig ist<\/strong> \u2014><\/p>\n\n\n\n<p><strong>P\u00fcnktlichkeit:<\/strong> Termine sind verbindlich und werden eingehalten.<\/p>\n\n\n\n<p><strong>Sorgf\u00e4ltige Arbeit:<\/strong> Jede Aufgabe wird mit Sorgfalt und Sauberkeit ausgef\u00fchrt. Lieber kleben statt in den Fensterrahmen zu bohren.<\/p>\n\n\n\n<p><strong>Gute Beratung:<\/strong> Ich nehme mir die Zeit, um die beste L\u00f6sung f\u00fcr jeden Kunden und die verschiedenen Fensterartypen zu finden.<\/p>\n\n\n\n<p><strong>Schnelle Angebote:<\/strong> Ich erstelle Angebote noch am gleichen Tag oder sp\u00e4testens innerhalb von zwei Tagen.<\/p>\n\n\n\n<p><strong>Hochwertige Materialien:<\/strong> Nur langlebige, hochwertige Materialien kommen bei mir zum Einsatz. (Firma Proflytec aus Abenberg \/ Systemgeber von Aluminiumprofilen f\u00fcr die Herstellung von Insektneschutzrahmen, Firma Phiffer Glass, USA  (Hochwertiges Insektenschutzgewebe)\/ Firma Trittec, (Pollenschutzgewebe und stabile Lichtschachtabdeckungen aus Wittenf\u00f6rden)<\/p>\n\n\n\n<p><strong>Nachhaltigkeit:<\/strong> Wo m\u00f6glich, repariere ich vorhandene Rahmen, tausche Scharniere , ersetze kaputtes Gewebe anstatt Rahmen direkt zu erneuern, gerne auch von Fremdanbietern \u2013 das schont Ressourcen und senkt die Kosten.<\/p>\n\n\n\n<p><strong>Ehrlichkeit und \u00dcberzeugung:<\/strong> Meine Arbeit und die Qualit\u00e4t meiner Materialien sprechen f\u00fcr sich.<\/p>\n\n\n\n<p>Ich mag vielleicht nicht der g\u00fcnstigste Anbieter sein, aber ich biete langlebige, ma\u00dfgeschneiderte und nachhaltige L\u00f6sungen. Ob spezielle Profilquerschnitte, Gewebe und Klappen f\u00fcr Hunde und Katzen, Pollenschutz.- oder Standardgewebe \u2013 ich finde mit Ihnen zusammen ganz bestimmt die passende L\u00f6sung f\u00fcr Ihre Fenster.<\/p>\n\n\n\n<p class=\"has-medium-font-size\"><strong>&#8230;&#8230;einfach anrufen! 0177-8808298 oder 02045-408660<\/strong><\/p>\n\n\n\n<hr class=\"wp-block-separator has-alpha-channel-opacity\"\/>\n\n\n\n<p><\/p>\n","protected":false},"excerpt":{"rendered":"<p>Ich bin 56 Jahre alt und verf\u00fcge \u00fcber mehr als 30 Jahre Berufserfahrung im Tischlerhandwerk, mit einem besonderen Fokus auf die Herstellung und Montage von Insektenschutzanlagen. Mein Motto lautet: &#8222;Geht nicht, gibt&#8217;s nicht.&#8220; Was mir wichtig ist \u2014> P\u00fcnktlichkeit: Termine &hellip; <a href=\"https:\/\/insektprotekt.de\/\">Weiterlesen <span class=\"meta-nav\">&rarr;<\/span><\/a><\/p>\n","protected":false},"author":2,"featured_media":0,"parent":0,"menu_order":90,"comment_status":"closed","ping_status":"closed","template":"","meta":{"footnotes":"[]"},"class_list":["post-143","page","type-page","status-publish","hentry"],"_links":{"self":[{"href":"https:\/\/insektprotekt.de\/index.php?rest_route=\/wp\/v2\/pages\/143","targetHints":{"allow":["GET"]}}],"collection":[{"href":"https:\/\/insektprotekt.de\/index.php?rest_route=\/wp\/v2\/pages"}],"about":[{"href":"https:\/\/insektprotekt.de\/index.php?rest_route=\/wp\/v2\/types\/page"}],"author":[{"embeddable":true,"href":"https:\/\/insektprotekt.de\/index.php?rest_route=\/wp\/v2\/users\/2"}],"replies":[{"embeddable":true,"href":"https:\/\/insektprotekt.de\/index.php?rest_route=%2Fwp%2Fv2%2Fcomments&post=143"}],"version-history":[{"count":10,"href":"https:\/\/insektprotekt.de\/index.php?rest_route=\/wp\/v2\/pages\/143\/revisions"}],"predecessor-version":[{"id":260,"href":"https:\/\/insektprotekt.de\/index.php?rest_route=\/wp\/v2\/pages\/143\/revisions\/260"}],"wp:attachment":[{"href":"https:\/\/insektprotekt.de\/index.php?rest_route=%2Fwp%2Fv2%2Fmedia&parent=143"}],"curies":[{"name":"wp","href":"https:\/\/api.w.org\/{rel}","templated":true}]}}